{"id":4111,"date":"2023-07-18T11:57:46","date_gmt":"2023-07-18T11:57:46","guid":{"rendered":"https:\/\/ctt.uoradea.ro\/?page_id=4111"},"modified":"2023-07-27T11:40:36","modified_gmt":"2023-07-27T11:40:36","slug":"smart-industry","status":"publish","type":"page","link":"https:\/\/ctt.uoradea.ro\/?page_id=4111","title":{"rendered":"Smart Industry"},"content":{"rendered":"\t\t<div data-elementor-type=\"wp-page\" data-elementor-id=\"4111\" class=\"elementor elementor-4111\">\n\t\t\t\t\t\t\t\t\t<section class=\"elementor-section elementor-top-section elementor-element elementor-element-afd74c0 elementor-section-boxed elementor-section-height-default elementor-section-height-default\" data-id=\"afd74c0\" data-element_type=\"section\">\n\t\t\t\t\t\t<div class=\"elementor-container elementor-column-gap-default\">\n\t\t\t\t\t<div class=\"elementor-column elementor-col-100 elementor-top-column elementor-element elementor-element-e1c1fcc\" data-id=\"e1c1fcc\" data-element_type=\"column\">\n\t\t\t<div class=\"elementor-widget-wrap\">\n\t\t\t\t\t\t\t\t\t<\/div>\n\t\t<\/div>\n\t\t\t\t\t\t\t<\/div>\n\t\t<\/section>\n\t\t\t\t<section class=\"elementor-section elementor-top-section elementor-element elementor-element-b5c403e elementor-section-boxed elementor-section-height-default elementor-section-height-default\" data-id=\"b5c403e\" data-element_type=\"section\">\n\t\t\t\t\t\t<div class=\"elementor-container elementor-column-gap-default\">\n\t\t\t\t\t<div class=\"elementor-column elementor-col-100 elementor-top-column elementor-element elementor-element-92967e4\" data-id=\"92967e4\" data-element_type=\"column\">\n\t\t\t<div class=\"elementor-widget-wrap elementor-element-populated\">\n\t\t\t\t\t\t\t\t<div class=\"elementor-element elementor-element-1af1445 elementor-widget elementor-widget-image\" data-id=\"1af1445\" data-element_type=\"widget\" data-settings=\"{&quot;ultimate_floating_fx_translate_y&quot;:{&quot;unit&quot;:&quot;px&quot;,&quot;size&quot;:&quot;&quot;,&quot;sizes&quot;:[]}}\" data-widget_type=\"image.default\">\n\t\t\t\t<div class=\"elementor-widget-container\">\n\t\t\t<style>\/*! elementor - v3.14.0 - 26-06-2023 *\/\n.elementor-widget-image{text-align:center}.elementor-widget-image a{display:inline-block}.elementor-widget-image a img[src$=\".svg\"]{width:48px}.elementor-widget-image img{vertical-align:middle;display:inline-block}<\/style>\t\t\t\t\t\t\t\t\t\t\t\t<img loading=\"lazy\" decoding=\"async\" width=\"640\" height=\"436\" src=\"https:\/\/ctt.uoradea.ro\/wp-content\/uploads\/2023\/07\/3592_ext_05_0-1.jpg\" class=\"attachment-large size-large wp-image-4153\" alt=\"\" srcset=\"https:\/\/ctt.uoradea.ro\/wp-content\/uploads\/2023\/07\/3592_ext_05_0-1.jpg 965w, https:\/\/ctt.uoradea.ro\/wp-content\/uploads\/2023\/07\/3592_ext_05_0-1-300x204.jpg 300w, https:\/\/ctt.uoradea.ro\/wp-content\/uploads\/2023\/07\/3592_ext_05_0-1-768x523.jpg 768w, https:\/\/ctt.uoradea.ro\/wp-content\/uploads\/2023\/07\/3592_ext_05_0-1-485x330.jpg 485w, https:\/\/ctt.uoradea.ro\/wp-content\/uploads\/2023\/07\/3592_ext_05_0-1-264x180.jpg 264w\" sizes=\"auto, (max-width: 640px) 100vw, 640px\" \/>\t\t\t\t\t\t\t\t\t\t\t\t\t\t\t<\/div>\n\t\t\t\t<\/div>\n\t\t\t\t\t<\/div>\n\t\t<\/div>\n\t\t\t\t\t\t\t<\/div>\n\t\t<\/section>\n\t\t\t\t<section class=\"elementor-section elementor-top-section elementor-element elementor-element-614b79f elementor-section-boxed elementor-section-height-default elementor-section-height-default\" data-id=\"614b79f\" data-element_type=\"section\">\n\t\t\t\t\t\t<div class=\"elementor-container elementor-column-gap-default\">\n\t\t\t\t\t<div class=\"elementor-column elementor-col-100 elementor-top-column elementor-element elementor-element-702d8dd\" data-id=\"702d8dd\" data-element_type=\"column\">\n\t\t\t<div class=\"elementor-widget-wrap\">\n\t\t\t\t\t\t\t\t\t<\/div>\n\t\t<\/div>\n\t\t\t\t\t\t\t<\/div>\n\t\t<\/section>\n\t\t\t\t<section class=\"elementor-section elementor-top-section elementor-element elementor-element-ec2d26b elementor-section-boxed elementor-section-height-default elementor-section-height-default\" data-id=\"ec2d26b\" data-element_type=\"section\">\n\t\t\t\t\t\t<div class=\"elementor-container elementor-column-gap-default\">\n\t\t\t\t\t<div class=\"elementor-column elementor-col-100 elementor-top-column elementor-element elementor-element-638a109\" data-id=\"638a109\" data-element_type=\"column\">\n\t\t\t<div class=\"elementor-widget-wrap elementor-element-populated\">\n\t\t\t\t\t\t\t\t<div class=\"elementor-element elementor-element-f75b138 elementor-widget elementor-widget-text-editor\" data-id=\"f75b138\" data-element_type=\"widget\" data-settings=\"{&quot;ultimate_floating_fx_translate_y&quot;:{&quot;unit&quot;:&quot;px&quot;,&quot;size&quot;:&quot;&quot;,&quot;sizes&quot;:[]}}\" data-widget_type=\"text-editor.default\">\n\t\t\t\t<div class=\"elementor-widget-container\">\n\t\t\t<style>\/*! elementor - v3.14.0 - 26-06-2023 *\/\n.elementor-widget-text-editor.elementor-drop-cap-view-stacked .elementor-drop-cap{background-color:#69727d;color:#fff}.elementor-widget-text-editor.elementor-drop-cap-view-framed .elementor-drop-cap{color:#69727d;border:3px solid;background-color:transparent}.elementor-widget-text-editor:not(.elementor-drop-cap-view-default) .elementor-drop-cap{margin-top:8px}.elementor-widget-text-editor:not(.elementor-drop-cap-view-default) .elementor-drop-cap-letter{width:1em;height:1em}.elementor-widget-text-editor .elementor-drop-cap{float:left;text-align:center;line-height:1;font-size:50px}.elementor-widget-text-editor .elementor-drop-cap-letter{display:inline-block}<\/style>\t\t\t\t<p>Ma\u015fina unealt\u0103 CNC Laser \u2013 5 axe, care echipeaz\u0103 laboratorul de Fabrica\u0163ie, asigur\u0103 o flexibilitate a procesului de produc\u0163ie printr-o combina\u0163ie \u00eentre procesarea aditiv\u0103 \u015fi substractiv\u0103 \u00eentr-un spa\u0163iu 3D la o calitate \u00eenalt\u0103 a suprafe\u0163elor prelucrate.<\/p>\t\t\t\t\t\t<\/div>\n\t\t\t\t<\/div>\n\t\t\t\t\t<\/div>\n\t\t<\/div>\n\t\t\t\t\t\t\t<\/div>\n\t\t<\/section>\n\t\t\t\t\t\t\t<\/div>\n\t\t","protected":false},"excerpt":{"rendered":"<p>Ma\u015fina unealt\u0103 CNC Laser \u2013 5 axe, care echipeaz\u0103 laboratorul de Fabrica\u0163ie, asigur\u0103 o flexibilitate a procesului de produc\u0163ie printr-o [&hellip;]<\/p>\n","protected":false},"author":2,"featured_media":0,"parent":0,"menu_order":0,"comment_status":"closed","ping_status":"closed","template":"","meta":{"footnotes":""},"class_list":["post-4111","page","type-page","status-publish","hentry","no-post-thumbnail"],"_links":{"self":[{"href":"https:\/\/ctt.uoradea.ro\/index.php?rest_route=\/wp\/v2\/pages\/4111","targetHints":{"allow":["GET"]}}],"collection":[{"href":"https:\/\/ctt.uoradea.ro\/index.php?rest_route=\/wp\/v2\/pages"}],"about":[{"href":"https:\/\/ctt.uoradea.ro\/index.php?rest_route=\/wp\/v2\/types\/page"}],"author":[{"embeddable":true,"href":"https:\/\/ctt.uoradea.ro\/index.php?rest_route=\/wp\/v2\/users\/2"}],"replies":[{"embeddable":true,"href":"https:\/\/ctt.uoradea.ro\/index.php?rest_route=%2Fwp%2Fv2%2Fcomments&post=4111"}],"version-history":[{"count":7,"href":"https:\/\/ctt.uoradea.ro\/index.php?rest_route=\/wp\/v2\/pages\/4111\/revisions"}],"predecessor-version":[{"id":4182,"href":"https:\/\/ctt.uoradea.ro\/index.php?rest_route=\/wp\/v2\/pages\/4111\/revisions\/4182"}],"wp:attachment":[{"href":"https:\/\/ctt.uoradea.ro\/index.php?rest_route=%2Fwp%2Fv2%2Fmedia&parent=4111"}],"curies":[{"name":"wp","href":"https:\/\/api.w.org\/{rel}","templated":true}]}}