{"id":4229,"date":"2023-07-27T12:18:37","date_gmt":"2023-07-27T12:18:37","guid":{"rendered":"https:\/\/ctt.uoradea.ro\/?page_id=4229"},"modified":"2026-04-24T12:33:45","modified_gmt":"2026-04-24T12:33:45","slug":"evenimente","status":"publish","type":"page","link":"https:\/\/ctt.uoradea.ro\/?page_id=4229","title":{"rendered":"Evenimente"},"content":{"rendered":"\t\t<div data-elementor-type=\"wp-page\" data-elementor-id=\"4229\" class=\"elementor elementor-4229\">\n\t\t\t\t\t\t\t\t\t<section class=\"elementor-section elementor-top-section elementor-element elementor-element-9373e89 elementor-section-boxed elementor-section-height-default elementor-section-height-default\" data-id=\"9373e89\" data-element_type=\"section\">\n\t\t\t\t\t\t<div class=\"elementor-container elementor-column-gap-default\">\n\t\t\t\t\t<div class=\"elementor-column elementor-col-100 elementor-top-column elementor-element elementor-element-5e3c235\" data-id=\"5e3c235\" data-element_type=\"column\">\n\t\t\t<div class=\"elementor-widget-wrap elementor-element-populated\">\n\t\t\t\t\t\t\t\t<div class=\"elementor-element elementor-element-50d9326 elementor-widget elementor-widget-text-editor\" data-id=\"50d9326\" data-element_type=\"widget\" data-settings=\"{&quot;ultimate_floating_fx_translate_y&quot;:{&quot;unit&quot;:&quot;px&quot;,&quot;size&quot;:&quot;&quot;,&quot;sizes&quot;:[]}}\" data-widget_type=\"text-editor.default\">\n\t\t\t\t<div class=\"elementor-widget-container\">\n\t\t\t<style>\/*! elementor - v3.14.0 - 26-06-2023 *\/\n.elementor-widget-text-editor.elementor-drop-cap-view-stacked .elementor-drop-cap{background-color:#69727d;color:#fff}.elementor-widget-text-editor.elementor-drop-cap-view-framed .elementor-drop-cap{color:#69727d;border:3px solid;background-color:transparent}.elementor-widget-text-editor:not(.elementor-drop-cap-view-default) .elementor-drop-cap{margin-top:8px}.elementor-widget-text-editor:not(.elementor-drop-cap-view-default) .elementor-drop-cap-letter{width:1em;height:1em}.elementor-widget-text-editor .elementor-drop-cap{float:left;text-align:center;line-height:1;font-size:50px}.elementor-widget-text-editor .elementor-drop-cap-letter{display:inline-block}<\/style>\t\t\t\t\t\t\t\t\t\t<\/div>\n\t\t\t\t<\/div>\n\t\t\t\t\t<\/div>\n\t\t<\/div>\n\t\t\t\t\t\t\t<\/div>\n\t\t<\/section>\n\t\t\t\t<section class=\"elementor-section elementor-top-section elementor-element elementor-element-723e583 elementor-section-boxed elementor-section-height-default elementor-section-height-default\" data-id=\"723e583\" data-element_type=\"section\">\n\t\t\t\t\t\t<div class=\"elementor-container elementor-column-gap-default\">\n\t\t\t\t\t<div class=\"elementor-column elementor-col-50 elementor-top-column elementor-element elementor-element-dd4b81f\" data-id=\"dd4b81f\" data-element_type=\"column\">\n\t\t\t<div class=\"elementor-widget-wrap elementor-element-populated\">\n\t\t\t\t\t\t\t\t<div class=\"elementor-element elementor-element-0fd51ba elementor-widget elementor-widget-text-editor\" data-id=\"0fd51ba\" data-element_type=\"widget\" data-settings=\"{&quot;ultimate_floating_fx_translate_y&quot;:{&quot;unit&quot;:&quot;px&quot;,&quot;size&quot;:&quot;&quot;,&quot;sizes&quot;:[]}}\" data-widget_type=\"text-editor.default\">\n\t\t\t\t<div class=\"elementor-widget-container\">\n\t\t\t\t\t\t\t<p><strong>Participarea Universit\u0103\u021bii din Oradea la EURO POLITEHNICUS 2025 \u2013 recunoa\u0219tere interna\u021bional\u0103 pentru inovare<\/strong><\/p><p><strong>\u00a0<\/strong><\/p><p>\u00cen perioada 21\u201323 noiembrie 2025, Universitatea din Oradea a participat la prestigiosul salon interna\u021bional de inven\u021bii \u0219i inova\u021bii <strong>EURO POLITEHNICUS 2025<\/strong>, desf\u0103\u0219urat la Universitatea Na\u021bional\u0103 de \u0218tiin\u021b\u0103 \u0219i Tehnologie POLITEHNICA Bucure\u0219ti, unul dintre cele mai importante evenimente dedicate cercet\u0103rii aplicative \u0219i transferului tehnologic din Europa.<\/p><p>Centrul de Transfer Tehnologic al Universit\u0103\u021bii din Oradea (CTT-UO) a fost reprezentat de <strong>dr. ing. Cosmin Gherghea<\/strong> \u0219i <strong>drd. ing. Caius St\u0103n\u0103\u0219el<\/strong>, care au contribuit la promovarea rezultatelor cercet\u0103rii \u0219tiin\u021bifice \u0219i a capacit\u0103\u021bii inovative a universit\u0103\u021bii \u00een plan interna\u021bional.<\/p><p>Lucr\u0103rile prezentate \u00een cadrul salonului au fost apreciate la cel mai \u00eenalt nivel, toate fiind recompensate cu <strong>Medalia de Aur<\/strong>, confirm\u00e2nd valoarea \u0219tiin\u021bific\u0103 \u0219i aplicativ\u0103 a acestora:<\/p><ul><li><em>\u201eMetoda de eficientizare a liniei de \u00eendoire a \u021bevilor de la sistemul de evacuare auto\u201d<\/em> \u2013 autori: Ovidiu Sumu\u021biu, Constantin Bung\u0103u, Cosmin Gherghea<\/li><li><em>\u201eModular fixture device with removable plates usable at the horizontal milling center TMA-AL 550\u201d<\/em> \u2013 autori: Rare\u0219 Pancu, Constantin Bung\u0103u<\/li><li><em>\u201eParametrizarea CAD-CAM pentru prelucrarea ro\u021bilor din\u021bate cilindrice pe ma\u0219ini-unelte cu comand\u0103 numeric\u0103\u201d<\/em> \u2013 autori: St\u0103n\u0103\u0219el Caius, St\u0103n\u0103\u0219el Iulian<\/li><li><em>\u201eIntegrated methods for detecting driver drowsiness in motor vehicle operators\u201d<\/em> \u2013 autori: Horia Bele\u0219, Tiberiu Vesselenyi, Alexandru Rus, Tudor Mitran, Florin Bogdan Scurt, Bogdan Adrian Tolea<\/li><li><em>\u201eDevelopment of Fuzzy Set-Based Decision Systems for Determining Technological Process Parameters\u201d<\/em> \u2013 autori: Florin Blaga, Alin Pop, Iulian St\u0103n\u0103\u0219el, Traian Budo\u0219, Claudiu Indre<\/li><\/ul><p>Pe l\u00e2ng\u0103 performan\u021bele individuale ale echipelor de cercetare, <strong>Universitatea din Oradea<\/strong> a fost distins\u0103 cu prestigioasa recunoa\u0219tere <strong>\u201eInnovation Star\u201d<\/strong>, acordat\u0103 pentru contribu\u021bia semnificativ\u0103 la dezvoltarea inov\u0103rii \u0219i transferului tehnologic la nivel european .<\/p><p>Participarea la EURO POLITEHNICUS 2025 reconfirm\u0103 rolul activ al Universit\u0103\u021bii din Oradea \u00een ecosistemul inov\u0103rii, precum \u0219i angajamentul constant al Centrului de Transfer Tehnologic de a sus\u021bine valorificarea rezultatelor cercet\u0103rii \u0219i colaborarea cu mediul economic \u0219i industrial.<\/p>\t\t\t\t\t\t<\/div>\n\t\t\t\t<\/div>\n\t\t\t\t\t<\/div>\n\t\t<\/div>\n\t\t\t\t<div class=\"elementor-column elementor-col-50 elementor-top-column elementor-element elementor-element-41c6c0d\" data-id=\"41c6c0d\" data-element_type=\"column\">\n\t\t\t<div class=\"elementor-widget-wrap elementor-element-populated\">\n\t\t\t\t\t\t\t\t<div class=\"elementor-element elementor-element-4ba7af1 elementor-widget elementor-widget-image\" data-id=\"4ba7af1\" data-element_type=\"widget\" data-settings=\"{&quot;ultimate_floating_fx_translate_y&quot;:{&quot;unit&quot;:&quot;px&quot;,&quot;size&quot;:&quot;&quot;,&quot;sizes&quot;:[]}}\" data-widget_type=\"image.default\">\n\t\t\t\t<div class=\"elementor-widget-container\">\n\t\t\t<style>\/*! elementor - v3.14.0 - 26-06-2023 *\/\n.elementor-widget-image{text-align:center}.elementor-widget-image a{display:inline-block}.elementor-widget-image a img[src$=\".svg\"]{width:48px}.elementor-widget-image img{vertical-align:middle;display:inline-block}<\/style>\t\t\t\t\t\t\t\t\t\t\t\t<img loading=\"lazy\" decoding=\"async\" width=\"563\" height=\"1024\" src=\"https:\/\/ctt.uoradea.ro\/wp-content\/uploads\/2026\/04\/Innovation-star-563x1024.png\" class=\"attachment-large size-large wp-image-4573\" alt=\"\" srcset=\"https:\/\/ctt.uoradea.ro\/wp-content\/uploads\/2026\/04\/Innovation-star-563x1024.png 563w, https:\/\/ctt.uoradea.ro\/wp-content\/uploads\/2026\/04\/Innovation-star-165x300.png 165w, https:\/\/ctt.uoradea.ro\/wp-content\/uploads\/2026\/04\/Innovation-star-181x330.png 181w, https:\/\/ctt.uoradea.ro\/wp-content\/uploads\/2026\/04\/Innovation-star-99x180.png 99w, https:\/\/ctt.uoradea.ro\/wp-content\/uploads\/2026\/04\/Innovation-star.png 664w\" sizes=\"auto, (max-width: 563px) 100vw, 563px\" \/>\t\t\t\t\t\t\t\t\t\t\t\t\t\t\t<\/div>\n\t\t\t\t<\/div>\n\t\t\t\t\t<\/div>\n\t\t<\/div>\n\t\t\t\t\t\t\t<\/div>\n\t\t<\/section>\n\t\t\t\t\t\t\t<\/div>\n\t\t","protected":false},"excerpt":{"rendered":"<p>Participarea Universit\u0103\u021bii din Oradea la EURO POLITEHNICUS 2025 \u2013 recunoa\u0219tere interna\u021bional\u0103 pentru inovare \u00a0 \u00cen perioada 21\u201323 noiembrie 2025, Universitatea [&hellip;]<\/p>\n","protected":false},"author":3,"featured_media":0,"parent":0,"menu_order":0,"comment_status":"closed","ping_status":"closed","template":"","meta":{"footnotes":""},"class_list":["post-4229","page","type-page","status-publish","hentry","no-post-thumbnail"],"_links":{"self":[{"href":"https:\/\/ctt.uoradea.ro\/index.php?rest_route=\/wp\/v2\/pages\/4229","targetHints":{"allow":["GET"]}}],"collection":[{"href":"https:\/\/ctt.uoradea.ro\/index.php?rest_route=\/wp\/v2\/pages"}],"about":[{"href":"https:\/\/ctt.uoradea.ro\/index.php?rest_route=\/wp\/v2\/types\/page"}],"author":[{"embeddable":true,"href":"https:\/\/ctt.uoradea.ro\/index.php?rest_route=\/wp\/v2\/users\/3"}],"replies":[{"embeddable":true,"href":"https:\/\/ctt.uoradea.ro\/index.php?rest_route=%2Fwp%2Fv2%2Fcomments&post=4229"}],"version-history":[{"count":10,"href":"https:\/\/ctt.uoradea.ro\/index.php?rest_route=\/wp\/v2\/pages\/4229\/revisions"}],"predecessor-version":[{"id":4580,"href":"https:\/\/ctt.uoradea.ro\/index.php?rest_route=\/wp\/v2\/pages\/4229\/revisions\/4580"}],"wp:attachment":[{"href":"https:\/\/ctt.uoradea.ro\/index.php?rest_route=%2Fwp%2Fv2%2Fmedia&parent=4229"}],"curies":[{"name":"wp","href":"https:\/\/api.w.org\/{rel}","templated":true}]}}