{"id":4235,"date":"2023-07-27T12:22:02","date_gmt":"2023-07-27T12:22:02","guid":{"rendered":"https:\/\/ctt.uoradea.ro\/?page_id=4235"},"modified":"2023-10-04T10:55:26","modified_gmt":"2023-10-04T10:55:26","slug":"laborator-fabricatie","status":"publish","type":"page","link":"https:\/\/ctt.uoradea.ro\/?page_id=4235","title":{"rendered":"Laborator Fabrica\u021bie"},"content":{"rendered":"\t\t<div data-elementor-type=\"wp-page\" data-elementor-id=\"4235\" class=\"elementor elementor-4235\">\n\t\t\t\t\t\t\t\t\t<section class=\"elementor-section elementor-top-section elementor-element elementor-element-3bf1b41 elementor-section-boxed elementor-section-height-default elementor-section-height-default\" data-id=\"3bf1b41\" data-element_type=\"section\">\n\t\t\t\t\t\t<div class=\"elementor-container elementor-column-gap-default\">\n\t\t\t\t\t<div class=\"elementor-column elementor-col-100 elementor-top-column elementor-element elementor-element-96e447a\" data-id=\"96e447a\" data-element_type=\"column\">\n\t\t\t<div class=\"elementor-widget-wrap elementor-element-populated\">\n\t\t\t\t\t\t\t\t<div class=\"elementor-element elementor-element-39f56aa elementor-widget elementor-widget-image\" data-id=\"39f56aa\" data-element_type=\"widget\" data-settings=\"{&quot;ultimate_floating_fx_translate_y&quot;:{&quot;unit&quot;:&quot;px&quot;,&quot;size&quot;:&quot;&quot;,&quot;sizes&quot;:[]}}\" data-widget_type=\"image.default\">\n\t\t\t\t<div class=\"elementor-widget-container\">\n\t\t\t<style>\/*! elementor - v3.14.0 - 26-06-2023 *\/\n.elementor-widget-image{text-align:center}.elementor-widget-image a{display:inline-block}.elementor-widget-image a img[src$=\".svg\"]{width:48px}.elementor-widget-image img{vertical-align:middle;display:inline-block}<\/style>\t\t\t\t\t\t\t\t\t\t\t\t<img loading=\"lazy\" decoding=\"async\" width=\"640\" height=\"446\" src=\"https:\/\/ctt.uoradea.ro\/wp-content\/uploads\/2023\/10\/MYSCAN_20230926_0002_1-1024x714.jpg\" class=\"attachment-large size-large wp-image-4405\" alt=\"\" srcset=\"https:\/\/ctt.uoradea.ro\/wp-content\/uploads\/2023\/10\/MYSCAN_20230926_0002_1-1024x714.jpg 1024w, https:\/\/ctt.uoradea.ro\/wp-content\/uploads\/2023\/10\/MYSCAN_20230926_0002_1-300x209.jpg 300w, https:\/\/ctt.uoradea.ro\/wp-content\/uploads\/2023\/10\/MYSCAN_20230926_0002_1-768x536.jpg 768w, https:\/\/ctt.uoradea.ro\/wp-content\/uploads\/2023\/10\/MYSCAN_20230926_0002_1-1536x1072.jpg 1536w, https:\/\/ctt.uoradea.ro\/wp-content\/uploads\/2023\/10\/MYSCAN_20230926_0002_1-2048x1429.jpg 2048w, https:\/\/ctt.uoradea.ro\/wp-content\/uploads\/2023\/10\/MYSCAN_20230926_0002_1-473x330.jpg 473w, https:\/\/ctt.uoradea.ro\/wp-content\/uploads\/2023\/10\/MYSCAN_20230926_0002_1-258x180.jpg 258w\" sizes=\"auto, (max-width: 640px) 100vw, 640px\" \/>\t\t\t\t\t\t\t\t\t\t\t\t\t\t\t<\/div>\n\t\t\t\t<\/div>\n\t\t\t\t\t<\/div>\n\t\t<\/div>\n\t\t\t\t\t\t\t<\/div>\n\t\t<\/section>\n\t\t\t\t<section class=\"elementor-section elementor-top-section elementor-element elementor-element-0984f3a elementor-section-boxed elementor-section-height-default elementor-section-height-default\" data-id=\"0984f3a\" data-element_type=\"section\">\n\t\t\t\t\t\t<div class=\"elementor-container elementor-column-gap-default\">\n\t\t\t\t\t<div class=\"elementor-column elementor-col-100 elementor-top-column elementor-element elementor-element-c257f19\" data-id=\"c257f19\" data-element_type=\"column\">\n\t\t\t<div class=\"elementor-widget-wrap elementor-element-populated\">\n\t\t\t\t\t\t\t\t<div class=\"elementor-element elementor-element-99f6563 elementor-widget elementor-widget-text-editor\" data-id=\"99f6563\" data-element_type=\"widget\" data-settings=\"{&quot;ultimate_floating_fx_translate_y&quot;:{&quot;unit&quot;:&quot;px&quot;,&quot;size&quot;:&quot;&quot;,&quot;sizes&quot;:[]}}\" data-widget_type=\"text-editor.default\">\n\t\t\t\t<div class=\"elementor-widget-container\">\n\t\t\t<style>\/*! elementor - v3.14.0 - 26-06-2023 *\/\n.elementor-widget-text-editor.elementor-drop-cap-view-stacked .elementor-drop-cap{background-color:#69727d;color:#fff}.elementor-widget-text-editor.elementor-drop-cap-view-framed .elementor-drop-cap{color:#69727d;border:3px solid;background-color:transparent}.elementor-widget-text-editor:not(.elementor-drop-cap-view-default) .elementor-drop-cap{margin-top:8px}.elementor-widget-text-editor:not(.elementor-drop-cap-view-default) .elementor-drop-cap-letter{width:1em;height:1em}.elementor-widget-text-editor .elementor-drop-cap{float:left;text-align:center;line-height:1;font-size:50px}.elementor-widget-text-editor .elementor-drop-cap-letter{display:inline-block}<\/style>\t\t\t\t<p>Laboratorul de Fabrica\u0163ie este echipat cu o Ma\u015fin\u0103 unealt\u0103 CNC Laser \u2013 5 axe, asigur\u0103 o flexibilitate a procesului de produc\u0163ie printr-o combina\u0163ie \u00eentre procesarea aditiv\u0103 \u015fi substractiv\u0103 \u00eentr-un spa\u0163iu 3D la o calitate \u00eenalt\u0103 a suprafe\u0163elor prelucrate. Procesele sunt monitorizate \u00een continuu asigur\u00e2nd astfel siguran\u0163a \u00een exploatare \u015fi managementul calit\u0103\u0163ii. Produsele sunt proiectate cu un sistem complet CAD\/CAM hibrid care permite realizarea programelor-pies\u0103 at\u00e2t pentru procesarea aditiv\u0103 c\u00e2t \u015fi pentru cea substractiv\u0103. Ma\u015fina este ideal\u0103 pentru realizarea prototipurilor \u015fi a experiment\u0103rii solu\u0163iilor tehnologice inovative. \u020an acest context este posibil\u0103 realizarea unor produse din materiale diferite integrate \u00eentr-un singur proces tehnologic. Sistemul de operare bazat pe aplica\u0163ii constituie o interfa\u0163\u0103 compatibil\u0103 cu conceptul Industry 4.0. Ma\u015fina este echipat\u0103 cu un num\u0103r considerabil de senzori care colecteaz\u0103 parametrii procesului\u00a0 \u015fi cu dispozitive\u00a0 de\u00a0 transmitere\u00a0 a informa\u0163iilor digitale.\u00a0 Astfel toate informa\u0163iile relevante asupra proceselor\u00a0 tehnologice pot fi transmise serverelor IoT respectiv \u201eDeep Learning\u201d.<\/p>\t\t\t\t\t\t<\/div>\n\t\t\t\t<\/div>\n\t\t\t\t\t<\/div>\n\t\t<\/div>\n\t\t\t\t\t\t\t<\/div>\n\t\t<\/section>\n\t\t\t\t<section class=\"elementor-section elementor-top-section elementor-element elementor-element-54f4e53 elementor-section-boxed elementor-section-height-default elementor-section-height-default\" data-id=\"54f4e53\" data-element_type=\"section\">\n\t\t\t\t\t\t<div class=\"elementor-container elementor-column-gap-default\">\n\t\t\t\t\t<div class=\"elementor-column elementor-col-100 elementor-top-column elementor-element elementor-element-2ec0b64\" data-id=\"2ec0b64\" data-element_type=\"column\">\n\t\t\t<div class=\"elementor-widget-wrap elementor-element-populated\">\n\t\t\t\t\t\t\t\t<div class=\"elementor-element elementor-element-e20e7a5 elementor-widget elementor-widget-image\" data-id=\"e20e7a5\" data-element_type=\"widget\" data-settings=\"{&quot;ultimate_floating_fx_translate_y&quot;:{&quot;unit&quot;:&quot;px&quot;,&quot;size&quot;:&quot;&quot;,&quot;sizes&quot;:[]}}\" data-widget_type=\"image.default\">\n\t\t\t\t<div class=\"elementor-widget-container\">\n\t\t\t\t\t\t\t\t\t\t\t\t\t\t\t<img loading=\"lazy\" decoding=\"async\" width=\"640\" height=\"446\" src=\"https:\/\/ctt.uoradea.ro\/wp-content\/uploads\/2023\/10\/MYSCAN_20230926_0003_1-1-1024x714.jpg\" class=\"attachment-large size-large wp-image-4407\" alt=\"\" srcset=\"https:\/\/ctt.uoradea.ro\/wp-content\/uploads\/2023\/10\/MYSCAN_20230926_0003_1-1-1024x714.jpg 1024w, https:\/\/ctt.uoradea.ro\/wp-content\/uploads\/2023\/10\/MYSCAN_20230926_0003_1-1-300x209.jpg 300w, https:\/\/ctt.uoradea.ro\/wp-content\/uploads\/2023\/10\/MYSCAN_20230926_0003_1-1-768x536.jpg 768w, https:\/\/ctt.uoradea.ro\/wp-content\/uploads\/2023\/10\/MYSCAN_20230926_0003_1-1-1536x1071.jpg 1536w, https:\/\/ctt.uoradea.ro\/wp-content\/uploads\/2023\/10\/MYSCAN_20230926_0003_1-1-2048x1428.jpg 2048w, https:\/\/ctt.uoradea.ro\/wp-content\/uploads\/2023\/10\/MYSCAN_20230926_0003_1-1-473x330.jpg 473w, https:\/\/ctt.uoradea.ro\/wp-content\/uploads\/2023\/10\/MYSCAN_20230926_0003_1-1-258x180.jpg 258w\" sizes=\"auto, (max-width: 640px) 100vw, 640px\" \/>\t\t\t\t\t\t\t\t\t\t\t\t\t\t\t<\/div>\n\t\t\t\t<\/div>\n\t\t\t\t\t<\/div>\n\t\t<\/div>\n\t\t\t\t\t\t\t<\/div>\n\t\t<\/section>\n\t\t\t\t<section class=\"elementor-section elementor-top-section elementor-element elementor-element-49690aa elementor-section-boxed elementor-section-height-default elementor-section-height-default\" data-id=\"49690aa\" data-element_type=\"section\">\n\t\t\t\t\t\t<div class=\"elementor-container elementor-column-gap-default\">\n\t\t\t\t\t<div class=\"elementor-column elementor-col-100 elementor-top-column elementor-element elementor-element-5107cbc\" data-id=\"5107cbc\" data-element_type=\"column\">\n\t\t\t<div class=\"elementor-widget-wrap\">\n\t\t\t\t\t\t\t\t\t<\/div>\n\t\t<\/div>\n\t\t\t\t\t\t\t<\/div>\n\t\t<\/section>\n\t\t\t\t<section class=\"elementor-section elementor-top-section elementor-element elementor-element-d569165 elementor-section-boxed elementor-section-height-default elementor-section-height-default\" data-id=\"d569165\" data-element_type=\"section\">\n\t\t\t\t\t\t<div class=\"elementor-container elementor-column-gap-default\">\n\t\t\t\t\t<div class=\"elementor-column elementor-col-100 elementor-top-column elementor-element elementor-element-48b178b\" data-id=\"48b178b\" data-element_type=\"column\">\n\t\t\t<div class=\"elementor-widget-wrap\">\n\t\t\t\t\t\t\t\t\t<\/div>\n\t\t<\/div>\n\t\t\t\t\t\t\t<\/div>\n\t\t<\/section>\n\t\t\t\t\t\t\t<\/div>\n\t\t","protected":false},"excerpt":{"rendered":"<p>Laboratorul de Fabrica\u0163ie este echipat cu o Ma\u015fin\u0103 unealt\u0103 CNC Laser \u2013 5 axe, asigur\u0103 o flexibilitate a procesului de [&hellip;]<\/p>\n","protected":false},"author":3,"featured_media":0,"parent":0,"menu_order":0,"comment_status":"closed","ping_status":"closed","template":"","meta":{"footnotes":""},"class_list":["post-4235","page","type-page","status-publish","hentry","no-post-thumbnail"],"_links":{"self":[{"href":"https:\/\/ctt.uoradea.ro\/index.php?rest_route=\/wp\/v2\/pages\/4235","targetHints":{"allow":["GET"]}}],"collection":[{"href":"https:\/\/ctt.uoradea.ro\/index.php?rest_route=\/wp\/v2\/pages"}],"about":[{"href":"https:\/\/ctt.uoradea.ro\/index.php?rest_route=\/wp\/v2\/types\/page"}],"author":[{"embeddable":true,"href":"https:\/\/ctt.uoradea.ro\/index.php?rest_route=\/wp\/v2\/users\/3"}],"replies":[{"embeddable":true,"href":"https:\/\/ctt.uoradea.ro\/index.php?rest_route=%2Fwp%2Fv2%2Fcomments&post=4235"}],"version-history":[{"count":22,"href":"https:\/\/ctt.uoradea.ro\/index.php?rest_route=\/wp\/v2\/pages\/4235\/revisions"}],"predecessor-version":[{"id":4413,"href":"https:\/\/ctt.uoradea.ro\/index.php?rest_route=\/wp\/v2\/pages\/4235\/revisions\/4413"}],"wp:attachment":[{"href":"https:\/\/ctt.uoradea.ro\/index.php?rest_route=%2Fwp%2Fv2%2Fmedia&parent=4235"}],"curies":[{"name":"wp","href":"https:\/\/api.w.org\/{rel}","templated":true}]}}