{"id":4240,"date":"2023-07-27T12:23:05","date_gmt":"2023-07-27T12:23:05","guid":{"rendered":"https:\/\/ctt.uoradea.ro\/?page_id=4240"},"modified":"2023-07-27T12:40:05","modified_gmt":"2023-07-27T12:40:05","slug":"laborator-automatizare-si-robotica","status":"publish","type":"page","link":"https:\/\/ctt.uoradea.ro\/?page_id=4240","title":{"rendered":"Laborator Automatizare \u0219i Robotic\u0103"},"content":{"rendered":"\t\t<div data-elementor-type=\"wp-page\" data-elementor-id=\"4240\" class=\"elementor elementor-4240\">\n\t\t\t\t\t\t\t\t\t<section class=\"elementor-section elementor-top-section elementor-element elementor-element-af098df elementor-section-boxed elementor-section-height-default elementor-section-height-default\" data-id=\"af098df\" data-element_type=\"section\">\n\t\t\t\t\t\t<div class=\"elementor-container elementor-column-gap-default\">\n\t\t\t\t\t<div class=\"elementor-column elementor-col-100 elementor-top-column elementor-element elementor-element-ba969e3\" data-id=\"ba969e3\" data-element_type=\"column\">\n\t\t\t<div class=\"elementor-widget-wrap elementor-element-populated\">\n\t\t\t\t\t\t\t\t<div class=\"elementor-element elementor-element-3ce511d elementor-widget elementor-widget-text-editor\" data-id=\"3ce511d\" data-element_type=\"widget\" data-settings=\"{&quot;ultimate_floating_fx_translate_y&quot;:{&quot;unit&quot;:&quot;px&quot;,&quot;size&quot;:&quot;&quot;,&quot;sizes&quot;:[]}}\" data-widget_type=\"text-editor.default\">\n\t\t\t\t<div class=\"elementor-widget-container\">\n\t\t\t<style>\/*! elementor - v3.14.0 - 26-06-2023 *\/\n.elementor-widget-text-editor.elementor-drop-cap-view-stacked .elementor-drop-cap{background-color:#69727d;color:#fff}.elementor-widget-text-editor.elementor-drop-cap-view-framed .elementor-drop-cap{color:#69727d;border:3px solid;background-color:transparent}.elementor-widget-text-editor:not(.elementor-drop-cap-view-default) .elementor-drop-cap{margin-top:8px}.elementor-widget-text-editor:not(.elementor-drop-cap-view-default) .elementor-drop-cap-letter{width:1em;height:1em}.elementor-widget-text-editor .elementor-drop-cap{float:left;text-align:center;line-height:1;font-size:50px}.elementor-widget-text-editor .elementor-drop-cap-letter{display:inline-block}<\/style>\t\t\t\t<p>Laboratorul de Automatizare \u015fi Robotic\u0103 este echipat cu doi robo\u0163i, un robot \u00eendeplinind sarcini de manipulare, asamblare sau proces\u0103ri ca de exemplu g\u0103urire sau debavurare iar al doilea robot realizeaz\u0103 sarcini de asamblare prin sudur\u0103 MIG. Robotul de manipulare\/asamblare\u00a0 va\u00a0 realiza manipularea \u015fi prelevarea pieselor dispuse aleator \u00een container cu posibilitatea de schimbare automat\u0103 a dispozitivelor de prehensiune\u015fi a sculelor. Robotul va preleva piesele si le va incarca pe vehiculul automat ghidat (AGV). Echipamentul AGV este capabil s\u0103 navigheze automat, transport\u00e2nd produsele \u00eentre cei doi robo\u0163i sau chiar la laboratorul de Fabrica\u0163ie. Procesele vor putea fi simulate \u015fi modificate cu ajutorul sistemelor de calcul \u015fi a licen\u0163elor disponibile.<\/p><p>At\u00e2t echipamentele de comand\u0103 ale robo\u0163ilor, echipamentul AGV c\u00e2t \u015fi unit\u0103\u0163ile PLC vor comunica at\u00e2t \u00eentre ele c\u00e2t \u015fi cu ma\u015fina CNC Laser \u2013 5 axe \u015fi serverul IoT. Deciziile legate de func\u0163ionarea sistemelor vor putea fi luate \u00een mod automat la nivel local prin algoritmi implementa\u0163i \u00een unita\u0163ile PLC sau la nivel central prin algoritmi implementa\u0163i la nivelul serverului IoT sau \u201eDeep Learning\u201d.<\/p>\t\t\t\t\t\t<\/div>\n\t\t\t\t<\/div>\n\t\t\t\t\t<\/div>\n\t\t<\/div>\n\t\t\t\t\t\t\t<\/div>\n\t\t<\/section>\n\t\t\t\t\t\t\t<\/div>\n\t\t","protected":false},"excerpt":{"rendered":"<p>Laboratorul de Automatizare \u015fi Robotic\u0103 este echipat cu doi robo\u0163i, un robot \u00eendeplinind sarcini de manipulare, asamblare sau proces\u0103ri ca [&hellip;]<\/p>\n","protected":false},"author":3,"featured_media":0,"parent":0,"menu_order":0,"comment_status":"closed","ping_status":"closed","template":"","meta":{"footnotes":""},"class_list":["post-4240","page","type-page","status-publish","hentry","no-post-thumbnail"],"_links":{"self":[{"href":"https:\/\/ctt.uoradea.ro\/index.php?rest_route=\/wp\/v2\/pages\/4240","targetHints":{"allow":["GET"]}}],"collection":[{"href":"https:\/\/ctt.uoradea.ro\/index.php?rest_route=\/wp\/v2\/pages"}],"about":[{"href":"https:\/\/ctt.uoradea.ro\/index.php?rest_route=\/wp\/v2\/types\/page"}],"author":[{"embeddable":true,"href":"https:\/\/ctt.uoradea.ro\/index.php?rest_route=\/wp\/v2\/users\/3"}],"replies":[{"embeddable":true,"href":"https:\/\/ctt.uoradea.ro\/index.php?rest_route=%2Fwp%2Fv2%2Fcomments&post=4240"}],"version-history":[{"count":7,"href":"https:\/\/ctt.uoradea.ro\/index.php?rest_route=\/wp\/v2\/pages\/4240\/revisions"}],"predecessor-version":[{"id":4268,"href":"https:\/\/ctt.uoradea.ro\/index.php?rest_route=\/wp\/v2\/pages\/4240\/revisions\/4268"}],"wp:attachment":[{"href":"https:\/\/ctt.uoradea.ro\/index.php?rest_route=%2Fwp%2Fv2%2Fmedia&parent=4240"}],"curies":[{"name":"wp","href":"https:\/\/api.w.org\/{rel}","templated":true}]}}