{"id":4245,"date":"2023-07-27T12:23:52","date_gmt":"2023-07-27T12:23:52","guid":{"rendered":"https:\/\/ctt.uoradea.ro\/?page_id=4245"},"modified":"2023-07-28T08:05:19","modified_gmt":"2023-07-28T08:05:19","slug":"laborator-industry-4-0","status":"publish","type":"page","link":"https:\/\/ctt.uoradea.ro\/?page_id=4245","title":{"rendered":"Laborator Industry 4.0"},"content":{"rendered":"\t\t<div data-elementor-type=\"wp-page\" data-elementor-id=\"4245\" class=\"elementor elementor-4245\">\n\t\t\t\t\t\t\t\t\t<section class=\"elementor-section elementor-top-section elementor-element elementor-element-b0355e6 elementor-section-boxed elementor-section-height-default elementor-section-height-default\" data-id=\"b0355e6\" data-element_type=\"section\">\n\t\t\t\t\t\t<div class=\"elementor-container elementor-column-gap-default\">\n\t\t\t\t\t<div class=\"elementor-column elementor-col-100 elementor-top-column elementor-element elementor-element-68f2ec8\" data-id=\"68f2ec8\" data-element_type=\"column\">\n\t\t\t<div class=\"elementor-widget-wrap elementor-element-populated\">\n\t\t\t\t\t\t\t\t<div class=\"elementor-element elementor-element-863c3f3 elementor-widget elementor-widget-text-editor\" data-id=\"863c3f3\" data-element_type=\"widget\" data-settings=\"{&quot;ultimate_floating_fx_translate_y&quot;:{&quot;unit&quot;:&quot;px&quot;,&quot;size&quot;:&quot;&quot;,&quot;sizes&quot;:[]}}\" data-widget_type=\"text-editor.default\">\n\t\t\t\t<div class=\"elementor-widget-container\">\n\t\t\t<style>\/*! elementor - v3.14.0 - 26-06-2023 *\/\n.elementor-widget-text-editor.elementor-drop-cap-view-stacked .elementor-drop-cap{background-color:#69727d;color:#fff}.elementor-widget-text-editor.elementor-drop-cap-view-framed .elementor-drop-cap{color:#69727d;border:3px solid;background-color:transparent}.elementor-widget-text-editor:not(.elementor-drop-cap-view-default) .elementor-drop-cap{margin-top:8px}.elementor-widget-text-editor:not(.elementor-drop-cap-view-default) .elementor-drop-cap-letter{width:1em;height:1em}.elementor-widget-text-editor .elementor-drop-cap{float:left;text-align:center;line-height:1;font-size:50px}.elementor-widget-text-editor .elementor-drop-cap-letter{display:inline-block}<\/style>\t\t\t\t<p>Laboratorul Industry 4.0 reprezint\u0103 o component\u0103 esen\u0163ial\u0103 a Centrului de Transfer Tehnologic. Laboratorul este dotat cu dou\u0103 servere \u015fi sisteme de calcul (laptop) pentru facilitarea dezvolt\u0103rii de aplica\u0163ii \u015fi accesul la servere \u015fi echipamente pentru dezvoltarea re\u0163elelor de comunicare cu echipamentele celorlalte laboratoare (PLC, robo\u0163i, echipamente inteligente, ma\u015fina unealt\u0103 CNC laser \u2013 5 axe). Modulele de comunicare asigur\u0103 conectivitatea complet\u0103 a echipamentelor \u015fi ma\u015finilor din toate cele patru laboratoare. Componenta NAS (Network-attached storage) este dedicat\u0103 stoc\u0103rii de fi\u015fiere care permite utilizatorilor \u015fi dispozitivelor eterogene cuplate \u00een re\u0163ea accesul la o baz\u0103 informa\u0163ional\u0103 centralizat\u0103. Utilizatorii re\u0163elelor locale (LAN) pot accesa datele stocate prin conexiuni Ethernet standard. Pe serverul IoT se vor rula aplica\u0163iile dezvoltate pentru realizarea func\u0163iilor de fabrica\u0163ie cognitiv\u0103 \u015fi IIoT (Industrial Internet of Things) necesare implement\u0103rii conceptului Industry 4.0. Serverul \u201eDeep learning\u201d asigur\u0103 o capacitate masiv\u0103 de calcul paralel necesar\u0103 dezvolt\u0103rii unor re\u0163ele neuronale artificiale (ANN), a aplica\u0163iilor de tip \u201eAnalytics\u201d, a algoritmilor decizionali (neuro-fuzzy) \u015fi de optimizare (algoritmi genetici) utiliz\u00e2nd ca baze de \u00eenv\u0103\u0163are \u015fi validare datele \u015fi meta-informa\u0163iile preluate de la echipamentele celorlalte laboratoare.<\/p>\t\t\t\t\t\t<\/div>\n\t\t\t\t<\/div>\n\t\t\t\t\t<\/div>\n\t\t<\/div>\n\t\t\t\t\t\t\t<\/div>\n\t\t<\/section>\n\t\t\t\t\t\t\t<\/div>\n\t\t","protected":false},"excerpt":{"rendered":"<p>Laboratorul Industry 4.0 reprezint\u0103 o component\u0103 esen\u0163ial\u0103 a Centrului de Transfer Tehnologic. Laboratorul este dotat cu dou\u0103 servere \u015fi sisteme [&hellip;]<\/p>\n","protected":false},"author":3,"featured_media":0,"parent":0,"menu_order":0,"comment_status":"closed","ping_status":"closed","template":"","meta":{"footnotes":""},"class_list":["post-4245","page","type-page","status-publish","hentry","no-post-thumbnail"],"_links":{"self":[{"href":"https:\/\/ctt.uoradea.ro\/index.php?rest_route=\/wp\/v2\/pages\/4245","targetHints":{"allow":["GET"]}}],"collection":[{"href":"https:\/\/ctt.uoradea.ro\/index.php?rest_route=\/wp\/v2\/pages"}],"about":[{"href":"https:\/\/ctt.uoradea.ro\/index.php?rest_route=\/wp\/v2\/types\/page"}],"author":[{"embeddable":true,"href":"https:\/\/ctt.uoradea.ro\/index.php?rest_route=\/wp\/v2\/users\/3"}],"replies":[{"embeddable":true,"href":"https:\/\/ctt.uoradea.ro\/index.php?rest_route=%2Fwp%2Fv2%2Fcomments&post=4245"}],"version-history":[{"count":7,"href":"https:\/\/ctt.uoradea.ro\/index.php?rest_route=\/wp\/v2\/pages\/4245\/revisions"}],"predecessor-version":[{"id":4282,"href":"https:\/\/ctt.uoradea.ro\/index.php?rest_route=\/wp\/v2\/pages\/4245\/revisions\/4282"}],"wp:attachment":[{"href":"https:\/\/ctt.uoradea.ro\/index.php?rest_route=%2Fwp%2Fv2%2Fmedia&parent=4245"}],"curies":[{"name":"wp","href":"https:\/\/api.w.org\/{rel}","templated":true}]}}