{"id":4250,"date":"2023-07-27T12:24:16","date_gmt":"2023-07-27T12:24:16","guid":{"rendered":"https:\/\/ctt.uoradea.ro\/?page_id=4250"},"modified":"2023-07-28T08:15:01","modified_gmt":"2023-07-28T08:15:01","slug":"laborator-calitate","status":"publish","type":"page","link":"https:\/\/ctt.uoradea.ro\/?page_id=4250","title":{"rendered":"Laborator Calitate"},"content":{"rendered":"\t\t<div data-elementor-type=\"wp-page\" data-elementor-id=\"4250\" class=\"elementor elementor-4250\">\n\t\t\t\t\t\t\t\t\t<section class=\"elementor-section elementor-top-section elementor-element elementor-element-b246017 elementor-section-boxed elementor-section-height-default elementor-section-height-default\" data-id=\"b246017\" data-element_type=\"section\">\n\t\t\t\t\t\t<div class=\"elementor-container elementor-column-gap-default\">\n\t\t\t\t\t<div class=\"elementor-column elementor-col-100 elementor-top-column elementor-element elementor-element-5257ed8\" data-id=\"5257ed8\" data-element_type=\"column\">\n\t\t\t<div class=\"elementor-widget-wrap elementor-element-populated\">\n\t\t\t\t\t\t\t\t<div class=\"elementor-element elementor-element-a495edb elementor-widget elementor-widget-text-editor\" data-id=\"a495edb\" data-element_type=\"widget\" data-settings=\"{&quot;ultimate_floating_fx_translate_y&quot;:{&quot;unit&quot;:&quot;px&quot;,&quot;size&quot;:&quot;&quot;,&quot;sizes&quot;:[]}}\" data-widget_type=\"text-editor.default\">\n\t\t\t\t<div class=\"elementor-widget-container\">\n\t\t\t<style>\/*! elementor - v3.14.0 - 26-06-2023 *\/\n.elementor-widget-text-editor.elementor-drop-cap-view-stacked .elementor-drop-cap{background-color:#69727d;color:#fff}.elementor-widget-text-editor.elementor-drop-cap-view-framed .elementor-drop-cap{color:#69727d;border:3px solid;background-color:transparent}.elementor-widget-text-editor:not(.elementor-drop-cap-view-default) .elementor-drop-cap{margin-top:8px}.elementor-widget-text-editor:not(.elementor-drop-cap-view-default) .elementor-drop-cap-letter{width:1em;height:1em}.elementor-widget-text-editor .elementor-drop-cap{float:left;text-align:center;line-height:1;font-size:50px}.elementor-widget-text-editor .elementor-drop-cap-letter{display:inline-block}<\/style>\t\t\t\t<p>Laboratorul de \u201eCalitate\u201d va fi dotat cu dou\u0103 echipamente moderne, camera de filmare digital\u0103 de mare vitez\u0103, care ofer\u0103 posibilitatea analizei proceselor dinamice ap\u0103rute \u00een timpul proceselor de fabrica\u0163ie \u015fi microscopul laser confocal cu scanare destinat metrologiei suprafe\u0163elor. Camera de mare vitez\u0103 permite observarea fenomenelor dinamice cu o derulare rapid\u0103 f\u0103c\u00e2nd posibil\u0103 analiza mi\u015fc\u0103rilor \u00een cazul echipamentelor mecatronice, a proceselor de prelucrare substractiv\u0103 sau aditiv\u0103. Analiza mi\u015fc\u0103rilor \u015fi proceselor asigur\u0103 o mai bun\u0103 \u00een\u0163elegere a fenomenelor permi\u0163\u00e2nd, printre altele, optimizarea structurilor proiectate \u015fi aplicarea mentenan\u0163ei predictive. Microscopul\u00a0 laser\u00a0 confocal este\u00a0 utilizat \u00een determinarea calit\u0103\u0163ii suprafe\u0163elor prelucrate, analiza defectelor produselor electronice \u015fi determinarea caracteristicilor topografice la un nivel comparabil cu cel al microscoapelor electronice dar f\u0103r\u0103 a fi nevoie de o preg\u0103tire costisitoare a e\u015fantioanelor. Rezultatele m\u0103sur\u0103rilor \u00een cazul ambelor instrumente pot fi acumulate \u00eentr-o baz\u0103 de date din care, informa\u0163ii utile se vor extrage utiliz\u00e2nd tehnici de inteligen\u0163\u0103 artificial\u0103.<\/p>\t\t\t\t\t\t<\/div>\n\t\t\t\t<\/div>\n\t\t\t\t\t<\/div>\n\t\t<\/div>\n\t\t\t\t\t\t\t<\/div>\n\t\t<\/section>\n\t\t\t\t\t\t\t<\/div>\n\t\t","protected":false},"excerpt":{"rendered":"<p>Laboratorul de \u201eCalitate\u201d va fi dotat cu dou\u0103 echipamente moderne, camera de filmare digital\u0103 de mare vitez\u0103, care ofer\u0103 posibilitatea [&hellip;]<\/p>\n","protected":false},"author":3,"featured_media":0,"parent":0,"menu_order":0,"comment_status":"closed","ping_status":"closed","template":"","meta":{"footnotes":""},"class_list":["post-4250","page","type-page","status-publish","hentry","no-post-thumbnail"],"_links":{"self":[{"href":"https:\/\/ctt.uoradea.ro\/index.php?rest_route=\/wp\/v2\/pages\/4250","targetHints":{"allow":["GET"]}}],"collection":[{"href":"https:\/\/ctt.uoradea.ro\/index.php?rest_route=\/wp\/v2\/pages"}],"about":[{"href":"https:\/\/ctt.uoradea.ro\/index.php?rest_route=\/wp\/v2\/types\/page"}],"author":[{"embeddable":true,"href":"https:\/\/ctt.uoradea.ro\/index.php?rest_route=\/wp\/v2\/users\/3"}],"replies":[{"embeddable":true,"href":"https:\/\/ctt.uoradea.ro\/index.php?rest_route=%2Fwp%2Fv2%2Fcomments&post=4250"}],"version-history":[{"count":7,"href":"https:\/\/ctt.uoradea.ro\/index.php?rest_route=\/wp\/v2\/pages\/4250\/revisions"}],"predecessor-version":[{"id":4286,"href":"https:\/\/ctt.uoradea.ro\/index.php?rest_route=\/wp\/v2\/pages\/4250\/revisions\/4286"}],"wp:attachment":[{"href":"https:\/\/ctt.uoradea.ro\/index.php?rest_route=%2Fwp%2Fv2%2Fmedia&parent=4250"}],"curies":[{"name":"wp","href":"https:\/\/api.w.org\/{rel}","templated":true}]}}